{"id":141,"date":"2019-06-04T15:00:04","date_gmt":"2019-06-04T13:00:04","guid":{"rendered":"http:\/\/194.145.208.171\/~levishr\/?page_id=141"},"modified":"2019-08-02T08:36:25","modified_gmt":"2019-08-02T06:36:25","slug":"komm-ins-team","status":"publish","type":"page","link":"https:\/\/levishr.com\/de\/komm-ins-team\/","title":{"rendered":"Komm ins Team"},"content":{"rendered":"\r\n<div id=\"box_1-block_5ca9c13a782a0\" class=\"box box--01 cf\">\r\n\t<div class=\"box__inner cf\">\r\n\t\t<div class=\"box__data\">\r\n\t\t\t<p class=\"box__title\">Wenden Sie sich mit Vertrauen an uns.<\/p>\r\n\t\t\t<div class=\"box__content\"><p>Sind Sie: flei\u03b2ig, motiviert, m\u00f6chten Sie sich der pers\u00f6nlichen Weiterentwiklung widmen, m\u00f6chten Sie mehr als der kroatische Durchschnitt verdienen. Wenden Sie sich mit Vertrauen an an uns.<br \/>Zur Zeit suchen wir folgende Berufe:<\/p>\n<ul>\n<li><strong>Schwei\u00dfer<\/strong> (REL, TIG, MIG\/MAG)<\/li>\n<li><strong>Vorrichter<\/strong><\/li>\n<li><strong>Schlosser<\/strong><\/li>\n<\/ul>\n<\/div>\r\n\r\n\t\t\t\t\t<\/div>\t\t\r\n\t\t<figure class=\"box__figure\">\r\n\t\t\t<img decoding=\"async\" src=\"https:\/\/levishr.com\/wp-content\/uploads\/2019\/04\/cooperation.jpg\" alt=\"Wenden Sie sich mit Vertrauen an uns.\" class=\"rspimg\">\r\n\t\t<\/figure>\r\n\r\n\t<\/div>\r\n<\/div>\n\n\r\n<div id=\"box_1-block_5ca9cacd0485d\" class=\"box box--01 cf\">\r\n\t<div class=\"box__inner cf\">\r\n\t\t<div class=\"box__data\">\r\n\t\t\t<p class=\"box__title\">Einen Schritt vor den Mitbewerbern<\/p>\r\n\t\t\t<div class=\"box__content\"><p>Die Firma besitzt eine eigene Schwei\u03b2schule und das setzt uns einen Schritt vor die Mitbewerber denn nur so k\u00f6nnen wir auf Spezialauftr\u00e4ge und auf besondere Anforderungen unserer Gesch\u00e4ftspartner eingehen.<\/p>\n<p>Die Schulung erfolgt in Absprache mit den Kandidaten und ist maximal auf deren Bed\u00fcrfnisse zugeschnitten, um den zufriedensten Mitarbeiter zu finden, der die Aufgabe aktuell erledigt.<\/p>\n<p>Alle Schwei\u03b2er, die die Schulung an unserer Schule erfolgreich abgeschlossen haben, gehen zur Schwei\u03b2pr\u00fcfung an der Pr\u00fcfer vom T\u00dcV Th\u00fcringen anwesend sind, was die Qualit\u00e4t der Schulung weiter best\u00e4tigt.<\/p>\n<\/div>\r\n\r\n\t\t\t\t\t<\/div>\t\t\r\n\t\t<figure class=\"box__figure\">\r\n\t\t\t<img decoding=\"async\" src=\"https:\/\/levishr.com\/wp-content\/uploads\/2019\/04\/teaching-768x576.jpg\" alt=\"Einen Schritt vor den Mitbewerbern\" class=\"rspimg\">\r\n\t\t<\/figure>\r\n\r\n\t<\/div>\r\n<\/div>\n\n\r\n<div id=\"box_1-block_5ca9cdfbe36af\" class=\"box box--01 cf\">\r\n\t<div class=\"box__inner cf\">\r\n\t\t<div class=\"box__data\">\r\n\t\t\t<p class=\"box__title\">Was wir unseren Mitarbeitern bieten?<\/p>\r\n\t\t\t<div class=\"box__content\"><ul>\n<li>Arbeit in internationalem Umfeld die eine pers\u00f6nlich Entwicklung gew\u00e4hrleistet<\/li>\n<li>Die M\u00f6glichkeit sich auszusuchen in welches Land sie entsendet werden sollten sie sich dazu entschlie\u03b2en<\/li>\n<li>Verdienste die Ihrer Kvalifikation und Ihrer Erfahrung entsprechen<\/li>\n<li>Bei Entsendung Reisen Sie mit dem Firmenfahrzeug<\/li>\n<li>Weiterbildungsm\u00f6glichkeit in von Ihnen gew\u00fcnschten Arbeitsbereichen.<\/li>\n<\/ul>\n<\/div>\r\n\r\n\t\t\t\t\t<\/div>\t\t\r\n\t\t<figure class=\"box__figure\">\r\n\t\t\t<img decoding=\"async\" src=\"https:\/\/levishr.com\/wp-content\/uploads\/2019\/04\/working_001-768x576.jpg\" alt=\"Was wir unseren Mitarbeitern bieten?\" class=\"rspimg\">\r\n\t\t<\/figure>\r\n\r\n\t<\/div>\r\n<\/div>","protected":false},"excerpt":{"rendered":"","protected":false},"author":1,"featured_media":0,"parent":0,"menu_order":13,"comment_status":"closed","ping_status":"closed","template":"page-tim.php","meta":{"footnotes":""},"class_list":["post-141","page","type-page","status-publish","hentry"],"_links":{"self":[{"href":"https:\/\/levishr.com\/de\/wp-json\/wp\/v2\/pages\/141","targetHints":{"allow":["GET"]}}],"collection":[{"href":"https:\/\/levishr.com\/de\/wp-json\/wp\/v2\/pages"}],"about":[{"href":"https:\/\/levishr.com\/de\/wp-json\/wp\/v2\/types\/page"}],"author":[{"embeddable":true,"href":"https:\/\/levishr.com\/de\/wp-json\/wp\/v2\/users\/1"}],"replies":[{"embeddable":true,"href":"https:\/\/levishr.com\/de\/wp-json\/wp\/v2\/comments?post=141"}],"version-history":[{"count":0,"href":"https:\/\/levishr.com\/de\/wp-json\/wp\/v2\/pages\/141\/revisions"}],"wp:attachment":[{"href":"https:\/\/levishr.com\/de\/wp-json\/wp\/v2\/media?parent=141"}],"curies":[{"name":"wp","href":"https:\/\/api.w.org\/{rel}","templated":true}]}}