{"id":143,"date":"2019-06-04T15:09:04","date_gmt":"2019-06-04T13:09:04","guid":{"rendered":"http:\/\/194.145.208.171\/~levishr\/ueber-uns-2\/"},"modified":"2019-11-20T22:23:07","modified_gmt":"2019-11-20T21:23:07","slug":"ueber-uns-2","status":"publish","type":"page","link":"https:\/\/levishr.com\/de\/ueber-uns-2\/","title":{"rendered":"\u00dcber uns"},"content":{"rendered":"\r\n<div id=\"box_1-block_5ca9dc87cd7ef\" class=\"box box--01 cf\">\r\n\t<div class=\"box__inner cf\">\r\n\t\t<div class=\"box__data\">\r\n\t\t\t<p class=\"box__title\">Wir bieten Schwei\u00df &#8211; Dienstleistungen von h\u00f6chster Qualit\u00e4t.<\/p>\r\n\t\t\t<div class=\"box__content\"><p>Der erste Gedanke bei der Firmengr\u00fcndung war Schwei\u00dfdienstleistungen von h\u00f6chster Qualit\u00e4t zu bieten so wie die Montage und \u00dcberholung von Industrieanlagen. Genau deshalb sind Qualit\u00e4t, die Sicherheit der Mitarbeiter, Glaubwurdigkeit so wie die soziale Verantwortung zum festen Fundament der Firma geworden auf dem wir die Zukunft bauen werden.<\/p>\n<p>Jede neue Baustelle ist f\u00fcr uns eine neue Herausforderung und eine neue Chance f\u00fcr unser Team von Fachleuten ihre F\u00e4higkeiten unter Beweis zu stellen.<\/p>\n<\/div>\r\n\r\n\t\t\t\t\t<\/div>\t\t\r\n\t\t<figure class=\"box__figure\">\r\n\t\t\t<img decoding=\"async\" src=\"https:\/\/levishr.com\/wp-content\/uploads\/2019\/04\/levismont_676323751-768x576.jpg\" alt=\"Wir bieten Schwei\u00df - Dienstleistungen von h\u00f6chster Qualit\u00e4t.\" class=\"rspimg\">\r\n\t\t<\/figure>\r\n\r\n\t<\/div>\r\n<\/div>\n\n\n<p>Der Organisation\nder Humanressourcen wird au\u00dferordentlich gro\u00dfe Aufmerksamkeit gewidmet, da wir\nder Ansicht sind, dass Menschen den gr\u00f6\u00dften Reichtum des Unternehmens\ndarstellen.<\/p>\n\n\n\n<p>Daher werden Stellenausschreibungen, die Auswahl von Bewerbern, Mitarbeitersuche und die Endbesch\u00e4ftigung mit besonderer Leidenschaft durchgef\u00fchrt. <\/p>\n\n\n\n<p> Unser Team besteht aus jungen Menschen, die in vielen Projekten im In- und Ausland Erfahrungen gesammelt haben. Sie sind daher hoch motiviert, widmen sich der pers\u00f6nlichen Entwicklung und Ausbildung. Sie sind nach den geltenden EU \u2013 Standards zertifiziert. <\/p>\n\n\n\n<p>Unseren Gesch\u00e4ftspartnern k\u00f6nnen wir folgende Dienstleistungen bieten: <\/p>\n\n\n\n<ul class=\"wp-block-list\"><li>Schwei\u00dfschulung (REL, MIG-MAG, TIG)<\/li><li>Schwei\u00dfarbeiten in der eigenen Werkstatt<\/li><li>Montage und Demontage auf der Baustelle<\/li><li> \u00dcberholung und Wartung von Industrieanlagen<\/li><li>Planung und Herstellung durch das System&#8220;Schl\u00fcsselfertig&#8220;<\/li><\/ul>\n\n\n\n<div style=\"height:50px\" aria-hidden=\"true\" class=\"wp-block-spacer\"><\/div>\n\n\n\n<div class=\"wp-block-columns has-4-columns is-layout-flex wp-container-core-columns-is-layout-9d6595d7 wp-block-columns-is-layout-flex\">\n<div class=\"wp-block-column is-layout-flow wp-block-column-is-layout-flow\">\n<h3 class=\"wp-block-heading\">Mission<\/h3>\n\n\n\n<p>Aufbau von Gesch\u00e4ftsbeziehungen mit in- und ausl\u00e4ndischen Partnern unter Sicherstellung hoher Qualit\u00e4tsstandards beim Schwei\u00dfen, Montieren,   \u00dcberholen und beim Ausbilden von Schwei\u00dfern auf Basis langj\u00e4hriger Erfahrung<\/p>\n<\/div>\n\n\n\n<div class=\"wp-block-column is-layout-flow wp-block-column-is-layout-flow\">\n<h3 class=\"wp-block-heading\">Vision<\/h3>\n\n\n\n<p>St\u00e4rkung der Position einhes verl\u00e4sslichen und anerkannten Partners auf dem internationalen Markt durch die beneidenswerte Pr\u00e4zision und Qualit\u00e4t der Arbeit, die in einem sozial verantwortlichen Unternehmen ausgef\u00fchrt wird.      <\/p>\n<\/div>\n\n\n\n<div class=\"wp-block-column is-layout-flow wp-block-column-is-layout-flow\">\n<h3 class=\"wp-block-heading\">Soziale Verantwortungs<\/h3>\n\n\n\n<p>Die Sorge um Gesch\u00e4ftspartner, Mitarbeiter und das gesammte soziale und wirtschaftliche Umfeld, die Verwendung hochwertiger Materialien und das Umweltmanagement sind integraler Bestandteil unserer Gesch\u00e4ftspolitik f\u00fcr eine nachhaltige Entwiklung.  <\/p>\n<\/div>\n\n\n\n<div class=\"wp-block-column is-layout-flow wp-block-column-is-layout-flow\">\n<h3 class=\"wp-block-heading\">Sicherheit<\/h3>\n\n\n\n<p> Levis Mont legt besonderen Wert auf die Sicherheit seiner Arbeiter auf Baustellen. Arbeitssicherheit ist eine Pers\u00f6nliche Qualit\u00e4tsma\u00dfnahme und hat als solche ein hohes Nivau. Neben der Sicherheit der Baustelle  ist auch die Sicherheit des Arbeitsplatzes unvermeidlich. Was uns von den Mitbewerbern unterscheidet sind qualifizierte, geschulte und hochmotivierte Mitarbeiter sowie eine einwandfreie technische Disziplin und Arbeitsdisziplin.<\/p>\n<\/div>\n<\/div>\n\n\n\r\n<div id=\"box_1-block_5ca9ea909731a\" class=\"box box--01 cf\">\r\n\t<div class=\"box__inner cf\">\r\n\t\t<div class=\"box__data\">\r\n\t\t\t<p class=\"box__title\">Levis Mont Team<\/p>\r\n\t\t\t<div class=\"box__content\"><p>Die Firma Levis Mont w\u00e4chst st\u00e4ndig und erweitert sein Netzwerk durch neue Vertragsabschl\u00fcsse. Aus diesem Grund suchen wir neue Mitarbeiter, die unsere wachsenden Kapazit\u00e4ten erg\u00e4nzen.<\/p>\n<p>&nbsp;<\/p>\n<p>Sind Sie: flei\u03b2ig, motiviert, m\u00f6chten Sie sich der pers\u00f6nlichen Weiterentwiklung widmen, m\u00f6chten Sie mehr als der kroatische Durchschnitt verdienen. Wenden Sie sich mit Vertrauen an an uns.<\/p>\n<\/div>\r\n\r\n\t\t\t\t\t<\/div>\t\t\r\n\t\t<figure class=\"box__figure\">\r\n\t\t\t<img decoding=\"async\" src=\"https:\/\/levishr.com\/wp-content\/uploads\/2019\/04\/levismont_526166827-768x576.jpg\" alt=\"Levis Mont Team\" class=\"rspimg\">\r\n\t\t<\/figure>\r\n\r\n\t<\/div>\r\n<\/div>\n\n\n<p> Trenutno tra\u017eimo djelatnike u sljede\u0107im podru\u010djima: <\/p>\n\n\n\n<ul class=\"wp-block-list\"><li> <strong>Schwei\u00dfer<\/strong> (REL, MIG-MAG, WIG)<\/li><li> <b>Vorrichter <\/b>oder<\/li><li><strong>Schlosser<\/strong><\/li><\/ul>\n\n\n\n<p><\/p>\n\n\n\n<p>Die Firma besitzt eine eigene Schwei\u03b2schule und das setzt\nuns einen Schritt vor die Mitbewerber denn nur so k\u00f6nnen wir auf\nSpezialauftr\u00e4ge und auf besondere Anforderungen unserer Gesch\u00e4ftspartner\neingehen.<\/p>\n\n\n\n<p>Die Schulung erfolgt in Absprache mit den Kandidaten und ist\nmaximal auf deren Bed\u00fcrfnisse zugeschnitten, um den zufriedensten Mitarbeiter\nzu finden, der die Aufgabe aktuell erledigt.<\/p>\n\n\n\n<p>Alle Schwei\u03b2er, die die Schulung an unserer Schule\nerfolgreich abgeschlossen haben, gehen zur Schwei\u03b2pr\u00fcfung an der Pr\u00fcfer vom T\u00dcV\nTh\u00fcringen anwesend sind, was die Qualit\u00e4t der Schulung weiter best\u00e4tigt.<\/p>\n\n\n\n<p>Was wir unseren Mitarbeitern biete?<\/p>\n\n\n\n<ul class=\"wp-block-list\"><li>Arbeit in internationalem Umfeld die eine pers\u00f6nlich Entwicklung gew\u00e4hrleistet <\/li><li>Die M\u00f6glichkeit sich auszutauschen in welches Land sie entsendet werden sollten sie sich dazu entschlie\u00dfen.<\/li><li>Verdienste die Ihere Kvalifikation und Ihrer Erfahrungen entsprechen<\/li><li>Bei Entsendung Reisen Sie mit dem Firmenfahrzeug<\/li><li> Weiterbildungsm\u00f6glichkeit in von Ihnen gew\u00fcnschten Arbeitsbereichen.<\/li><\/ul>\n","protected":false},"excerpt":{"rendered":"<p>Der Organisation der Humanressourcen wird au\u00dferordentlich gro\u00dfe Aufmerksamkeit gewidmet, da wir der Ansicht sind, dass Menschen den gr\u00f6\u00dften Reichtum des Unternehmens darstellen. Daher werden Stellenausschreibungen, die Auswahl von Bewerbern, Mitarbeitersuche und die Endbesch\u00e4ftigung mit besonderer Leidenschaft durchgef\u00fchrt. Unser Team besteht aus jungen Menschen, die in vielen Projekten im In- und Ausland Erfahrungen gesammelt haben. Sie [&hellip;]<\/p>\n","protected":false},"author":1,"featured_media":0,"parent":0,"menu_order":8,"comment_status":"closed","ping_status":"closed","template":"","meta":{"footnotes":""},"class_list":["post-143","page","type-page","status-publish","hentry"],"_links":{"self":[{"href":"https:\/\/levishr.com\/de\/wp-json\/wp\/v2\/pages\/143","targetHints":{"allow":["GET"]}}],"collection":[{"href":"https:\/\/levishr.com\/de\/wp-json\/wp\/v2\/pages"}],"about":[{"href":"https:\/\/levishr.com\/de\/wp-json\/wp\/v2\/types\/page"}],"author":[{"embeddable":true,"href":"https:\/\/levishr.com\/de\/wp-json\/wp\/v2\/users\/1"}],"replies":[{"embeddable":true,"href":"https:\/\/levishr.com\/de\/wp-json\/wp\/v2\/comments?post=143"}],"version-history":[{"count":0,"href":"https:\/\/levishr.com\/de\/wp-json\/wp\/v2\/pages\/143\/revisions"}],"wp:attachment":[{"href":"https:\/\/levishr.com\/de\/wp-json\/wp\/v2\/media?parent=143"}],"curies":[{"name":"wp","href":"https:\/\/api.w.org\/{rel}","templated":true}]}}