{"id":146,"date":"2019-06-04T15:13:47","date_gmt":"2019-06-04T13:13:47","guid":{"rendered":"http:\/\/194.145.208.171\/~levishr\/?page_id=146"},"modified":"2019-08-02T09:46:00","modified_gmt":"2019-08-02T07:46:00","slug":"geschichte","status":"publish","type":"page","link":"https:\/\/levishr.com\/de\/geschichte\/","title":{"rendered":"Geschichte"},"content":{"rendered":"\r\n<div id=\"box_1-block_5ca9d6ee6a3ef\" class=\"box box--01 cf\">\r\n\t<div class=\"box__inner cf\">\r\n\t\t<div class=\"box__data\">\r\n\t\t\t<p class=\"box__title\">Levis Mont<\/p>\r\n\t\t\t<div class=\"box__content\"><p>Die Firma Levis Mont d.o.o. wurde am 07.09.2016 unter dem Namen Levis j.d.o.o.. gegr\u00fcndet und hatte damals erst 7 Mitarbeiter. Bei der\u00a0 \u00c4nderung von j.d.o.o. auf d.o.o. 1.1.2019 (einfache GmbH in GmbH) \u00e4nderte sich auch der Name in Levis Mont d.o.o.<\/p>\n<p>Unsere Mitarbeiter sind zur Zeit bei unseren Projekten auf Baustellen in <strong>Slovenien<\/strong>, <strong>Ungarn<\/strong> und\u00a0 <strong>Deutschland entsand<\/strong>,\u00a0 doch ein Teil unserer Mitarbeiter arbeitet bei Projekten im Inland bei <strong>Lior Monta\u017ea<\/strong> und\u00a0 <strong>\u0110uro \u0110akovi\u0107 Specijalna Vozila<\/strong>.<\/p>\n<p>Zur Zeit hat die Firma etwa 40 Mitarbeiter mit der Tendenz auf Wachstum und stellt neue Mitarbeiter ein.<\/p>\n<\/div>\r\n\r\n\t\t\t\t\t<\/div>\t\t\r\n\t\t<figure class=\"box__figure\">\r\n\t\t\t<img decoding=\"async\" src=\"https:\/\/levishr.com\/wp-content\/uploads\/2019\/04\/levismont_691157848-768x576.jpg\" alt=\"Levis Mont\" class=\"rspimg\">\r\n\t\t<\/figure>\r\n\r\n\t<\/div>\r\n<\/div>\n\n\r\n<div id=\"box_1-block_5ca9d758108cc\" class=\"box box--01 cf\">\r\n\t<div class=\"box__inner cf\">\r\n\t\t<div class=\"box__data\">\r\n\t\t\t<p class=\"box__title\">Erfahrung<\/p>\r\n\t\t\t<div class=\"box__content\"><p>Von Anfang an bis heute stellen wir die Mitarbeiter vor neue Herausforderungen, so k\u00f6nnen wir mit Stolz sagen das die Firma folgende Erfahrungen besitzt:<\/p>\n<ul>\n<li>Stahlkonstruktionen<\/li>\n<li>Pharmazeutische Industrie und Lebensmittelindustrie<\/li>\n<li>Rafinerien und Petrochemische Industrie<\/li>\n<li>W\u00e4rmekraft Anlagen \/ Objekte<\/li>\n<li>Rohrleitungen (Pipelines)<\/li>\n<li>Planung und Arbeitsf\u00fchrung nach dem System \u201eSchl\u00fcsselfertig\u201c<\/li>\n<\/ul>\n<\/div>\r\n\r\n\t\t\t\t\t<\/div>\t\t\r\n\t\t<figure class=\"box__figure\">\r\n\t\t\t<img decoding=\"async\" src=\"https:\/\/levishr.com\/wp-content\/uploads\/2019\/04\/levismont_539932924-768x576.jpg\" alt=\"Erfahrung\" class=\"rspimg\">\r\n\t\t<\/figure>\r\n\r\n\t<\/div>\r\n<\/div>\n\n\n<div style=\"height:40px\" aria-hidden=\"true\" class=\"wp-block-spacer\"><\/div>\n\n\n\n<h2 class=\"wp-block-heading\"><strong>Standards und  Technologi<\/strong>en<\/h2>\n\n\n\n<ul class=\"wp-block-list\"><li>Die Firma Levis Mont d.o.o. ist gerade im Prozess der Erarbeitung des Zertifikates ISO 9001<\/li><li>Die Schwei\u00dfaufsicht \u00fcbernimmt professionelles Personal, das sich aus Ingenieuren und Technologen zusammensetzt und eng mit der T\u00dcV Adria-Zertifizierungsgesellschaft (T\u00dcV Th\u00fcringen) zusammenarbeitet.<\/li><li>Firmeneigene Schwei\u00dfschule (TIG, REL, MIG-MAG)<\/li><li>Alle Schwei\u00dfer sind nach geltenden Vorschriften und EU-Normen zertifiziert<\/li><\/ul>\n\n\n\n<div style=\"height:40px\" aria-hidden=\"true\" class=\"wp-block-spacer\"><\/div>\n\n\n\n<h2 class=\"wp-block-heading\">Referenzen<\/h2>\n\n\n\n<ul class=\"wp-block-list\"><li>Goffin Gmbh<\/li><li>Brinox in\u017eeniring d.o.o.<\/li><li>Specijalna Vozila d.d.<\/li><li>Lior Monta\u017ea d.o.o.<\/li><li>Petroserv Gmbh<\/li><li>Schwei\u00dfschule<\/li><\/ul>\n\n\n\n<div style=\"height:40px\" aria-hidden=\"true\" class=\"wp-block-spacer\"><\/div>\n\n\n\n<h3 class=\"wp-block-heading\">Grundlegende Informationen<\/h3>\n\n\n\n<div class=\"wp-block-columns has-2-columns is-layout-flex wp-container-core-columns-is-layout-9d6595d7 wp-block-columns-is-layout-flex\">\n<div class=\"wp-block-column is-layout-flow wp-block-column-is-layout-flow\">\n<p><strong>Firmensitz:<\/strong><br>Levis Mont d.o.o.<br>Zagreba\u010dka 102,<br>35222 Gundinci<\/p>\n<\/div>\n\n\n\n<div class=\"wp-block-column is-layout-flow wp-block-column-is-layout-flow\">\n<p><strong>B<\/strong>\u00fcro <strong>:<\/strong><br>Matije Mesi\u0107a 36<br>35000 Slavonski Brod<\/p>\n<\/div>\n<\/div>\n\n\n\n<p>Die Gesellschaft ist beim Handelsgericht in Osijek eingetragen. st\u00e4ndiger Dienst in Slavonski Brod unter:<br><strong>MBS<\/strong>: 04597460<br><strong>OIB<\/strong>: 96492625444<br>Aktivit\u00e4tscode: C2511 &#8211; Herstellung von Metallkonstruktionen und Bauteilen<br><strong>Grundkapital<\/strong>: 20.000,00 kn (Einbezahlt)<br>Gesch\u00e4ftsbank: Privredna banka Zagreb<br>Girokonto: HR\u2026\u2026\u2026<\/p>\n","protected":false},"excerpt":{"rendered":"<p>Standards und Technologien Die Firma Levis Mont d.o.o. ist gerade im Prozess der Erarbeitung des Zertifikates ISO 9001 Die Schwei\u00dfaufsicht \u00fcbernimmt professionelles Personal, das sich aus Ingenieuren und Technologen zusammensetzt und eng mit der T\u00dcV Adria-Zertifizierungsgesellschaft (T\u00dcV Th\u00fcringen) zusammenarbeitet. Firmeneigene Schwei\u00dfschule (TIG, REL, MIG-MAG) Alle Schwei\u00dfer sind nach geltenden Vorschriften und EU-Normen zertifiziert Referenzen Goffin [&hellip;]<\/p>\n","protected":false},"author":1,"featured_media":0,"parent":0,"menu_order":16,"comment_status":"closed","ping_status":"closed","template":"","meta":{"footnotes":""},"class_list":["post-146","page","type-page","status-publish","hentry"],"_links":{"self":[{"href":"https:\/\/levishr.com\/de\/wp-json\/wp\/v2\/pages\/146","targetHints":{"allow":["GET"]}}],"collection":[{"href":"https:\/\/levishr.com\/de\/wp-json\/wp\/v2\/pages"}],"about":[{"href":"https:\/\/levishr.com\/de\/wp-json\/wp\/v2\/types\/page"}],"author":[{"embeddable":true,"href":"https:\/\/levishr.com\/de\/wp-json\/wp\/v2\/users\/1"}],"replies":[{"embeddable":true,"href":"https:\/\/levishr.com\/de\/wp-json\/wp\/v2\/comments?post=146"}],"version-history":[{"count":0,"href":"https:\/\/levishr.com\/de\/wp-json\/wp\/v2\/pages\/146\/revisions"}],"wp:attachment":[{"href":"https:\/\/levishr.com\/de\/wp-json\/wp\/v2\/media?parent=146"}],"curies":[{"name":"wp","href":"https:\/\/api.w.org\/{rel}","templated":true}]}}