{"id":147,"date":"2019-06-04T15:16:38","date_gmt":"2019-06-04T13:16:38","guid":{"rendered":"http:\/\/194.145.208.171\/~levishr\/?page_id=147"},"modified":"2019-08-02T09:45:23","modified_gmt":"2019-08-02T07:45:23","slug":"kontakt","status":"publish","type":"page","link":"https:\/\/levishr.com\/de\/kontakt\/","title":{"rendered":"Kontakt"},"content":{"rendered":"\n<div class=\"wp-block-columns has-3-columns is-layout-flex wp-container-core-columns-is-layout-9d6595d7 wp-block-columns-is-layout-flex\">\n<div class=\"wp-block-column is-layout-flow wp-block-column-is-layout-flow\">\n<h3 class=\"wp-block-heading\">Firmensitz<\/h3>\n\n\n\n<p>Levis Mont d.o.o.<br>Zagreba\u010dka 102,<br>35222 Gundinci<\/p>\n<\/div>\n\n\n\n<div class=\"wp-block-column is-layout-flow wp-block-column-is-layout-flow\">\n<h3 class=\"wp-block-heading\">B\u00fcro<\/h3>\n\n\n\n<p>Matije Mesi\u0107a 36<br> 35000 Slavonski Brod<br><a href=\"mailto: +385911759955\"> +385 91 175 9955<\/a><\/p>\n<\/div>\n\n\n\n<div class=\"wp-block-column is-layout-flow wp-block-column-is-layout-flow\">\n<h3 class=\"wp-block-heading\">Info<\/h3>\n\n\n\n<p>Die Gesellschaft ist im Register des Handelsgerichts in Osijek, 35222 Gundinci +385 (0)91 175 9955 dem st\u00e4ndigen Dienst in Slavonski Brod eingetragen unter:<\/p>\n\n\n\n<p><strong>MBS<\/strong>: 04597460<br><strong>OIB<\/strong>: 96492625444<br>Aktivit\u00e4tscode : C2511 &#8211; Herstellung von Metallkonstruktionen und Bauteilen<\/p>\n\n\n\n<p><strong>Grundkapital<\/strong>: 20.000,00 kn (eingezahlt)<br>Gesch\u00e4ftsbank: Privredna banka Zagreb<br><strong>Girokonto<\/strong>: HR\u2026\u2026\u2026<\/p>\n\n\n\n<p> <\/p>\n<\/div>\n<\/div>\n","protected":false},"excerpt":{"rendered":"<p>Firmensitz Levis Mont d.o.o.Zagreba\u010dka 102,35222 Gundinci B\u00fcro Matije Mesi\u0107a 36 35000 Slavonski Brod +385 91 175 9955 Info Die Gesellschaft ist im Register des Handelsgerichts in Osijek, 35222 Gundinci +385 (0)91 175 9955 dem st\u00e4ndigen Dienst in Slavonski Brod eingetragen unter: MBS: 04597460OIB: 96492625444Aktivit\u00e4tscode : C2511 &#8211; Herstellung von Metallkonstruktionen und Bauteilen Grundkapital: 20.000,00 kn [&hellip;]<\/p>\n","protected":false},"author":1,"featured_media":0,"parent":0,"menu_order":18,"comment_status":"closed","ping_status":"closed","template":"page-kontakt.php","meta":{"footnotes":""},"class_list":["post-147","page","type-page","status-publish","hentry"],"_links":{"self":[{"href":"https:\/\/levishr.com\/de\/wp-json\/wp\/v2\/pages\/147","targetHints":{"allow":["GET"]}}],"collection":[{"href":"https:\/\/levishr.com\/de\/wp-json\/wp\/v2\/pages"}],"about":[{"href":"https:\/\/levishr.com\/de\/wp-json\/wp\/v2\/types\/page"}],"author":[{"embeddable":true,"href":"https:\/\/levishr.com\/de\/wp-json\/wp\/v2\/users\/1"}],"replies":[{"embeddable":true,"href":"https:\/\/levishr.com\/de\/wp-json\/wp\/v2\/comments?post=147"}],"version-history":[{"count":0,"href":"https:\/\/levishr.com\/de\/wp-json\/wp\/v2\/pages\/147\/revisions"}],"wp:attachment":[{"href":"https:\/\/levishr.com\/de\/wp-json\/wp\/v2\/media?parent=147"}],"curies":[{"name":"wp","href":"https:\/\/api.w.org\/{rel}","templated":true}]}}