{"id":160,"date":"2019-06-27T10:17:15","date_gmt":"2019-06-27T08:17:15","guid":{"rendered":"https:\/\/levishr.com\/?page_id=160"},"modified":"2019-11-20T22:23:07","modified_gmt":"2019-11-20T21:23:07","slug":"impressum","status":"publish","type":"page","link":"https:\/\/levishr.com\/de\/impressum\/","title":{"rendered":"Impressum"},"content":{"rendered":" <p>Auf dieser Webseite verwendete m\u00e4nnliche oder weibliche Bezeichnungen dienen der besseren Lesbarkeit und gelten f\u00fcr beide Geschl\u00e4chter.<br><\/p>   <p>Verantwortlich f\u00fcr den Inhalt der Internetseiten ist\u2026\u2026..<br><\/p>   <h3 class=\"wp-block-heading\">Hinweise zum Datenschutz<\/h3>  <!-- <a href=\"https:\/\/www.customessays.co.uk\/\">essay writer<\/a> wp:paragraph --> <p>F\u00fcr die Firma Levis Mont ist der Schutz personalbezogener Daten von h\u00f6chster Bedeutung. Wir m\u00f6chten Sie deshalb an dieser Stelle dar\u00fcber informieren, wie wir Ihre Privatsph\u00e4re sch\u00e4tzen, wenn Sie uns Ihre personalbezogenen Daten zur Verf\u00fcgung stellen.<\/p> <!-- \/wp:post-content --> <!-- wp:paragraph --> <p>Neben der selbstverst\u00e4ndlichen Einhaltung der gesetzlichen Bestimmungen zum Daenschutz m\u00f6chten wir uns mit diesen Hinweisen zum Verantwortungsvollen Umgang mit Ihren Daten verpflichten, so dass Ihre Privatsph\u00e4re zu jeder Zeit gesch\u00e4tzt wird. Uns iste s wichtig, dass Sie sich beim Besuch unserer Internet-Seite sicher und wohl f\u00fchlen.<br><\/p> <!-- \/wp:paragraph --> <!-- wp:heading {\"level\":3} --> <h3>Haftungsausschluss<\/h3> <!-- \/wp:heading --> <!-- wp:paragraph --> <p>Die Firma Levis Mont stellt die Inhalte dieser Internetseiten mit gro\u03b2er Sorgfalt zusammen und sorgt f\u00fcr deren regelm\u00e4\u03b2ige Aktualisierung. Die Angaben dienen dennoch nur der unverbindlichen allgemeinen, Informationen und ersetzen nicht die eingehende individuelle Beraung. Jederzeitige \u00c4nderungen bleiben vorbehalten.<br><\/p> <!-- \/wp:paragraph --> <!-- wp:paragraph --> <p>Die Firma Levis Mont \u00fcbernimmt keine Gew\u00e4r f\u00fcr die Aktualit\u00e4t, Richtigkeit und Vollst\u00e4ndigkeit der Informationen auf diesen Seiten oder den jerdezeitigen st\u00f6rungsfreien Zugang.<\/p> <!-- \/wp:paragraph -->","protected":false},"excerpt":{"rendered":"<p>Auf dieser Webseite verwendete m\u00e4nnliche oder weibliche Bezeichnungen dienen der besseren Lesbarkeit und gelten f\u00fcr beide Geschl\u00e4chter. Verantwortlich f\u00fcr den Inhalt der Internetseiten ist\u2026\u2026.. Hinweise zum Datenschutz F\u00fcr die Firma Levis Mont ist der Schutz personalbezogener Daten von h\u00f6chster Bedeutung. Wir m\u00f6chten Sie deshalb an dieser Stelle dar\u00fcber informieren, wie wir Ihre Privatsph\u00e4re sch\u00e4tzen, wenn [&hellip;]<\/p>\n","protected":false},"author":1,"featured_media":0,"parent":0,"menu_order":2,"comment_status":"closed","ping_status":"closed","template":"","meta":{"footnotes":""},"class_list":["post-160","page","type-page","status-publish","hentry"],"_links":{"self":[{"href":"https:\/\/levishr.com\/de\/wp-json\/wp\/v2\/pages\/160","targetHints":{"allow":["GET"]}}],"collection":[{"href":"https:\/\/levishr.com\/de\/wp-json\/wp\/v2\/pages"}],"about":[{"href":"https:\/\/levishr.com\/de\/wp-json\/wp\/v2\/types\/page"}],"author":[{"embeddable":true,"href":"https:\/\/levishr.com\/de\/wp-json\/wp\/v2\/users\/1"}],"replies":[{"embeddable":true,"href":"https:\/\/levishr.com\/de\/wp-json\/wp\/v2\/comments?post=160"}],"version-history":[{"count":0,"href":"https:\/\/levishr.com\/de\/wp-json\/wp\/v2\/pages\/160\/revisions"}],"wp:attachment":[{"href":"https:\/\/levishr.com\/de\/wp-json\/wp\/v2\/media?parent=160"}],"curies":[{"name":"wp","href":"https:\/\/api.w.org\/{rel}","templated":true}]}}