{"id":122,"date":"2019-05-23T22:33:20","date_gmt":"2019-05-23T20:33:20","guid":{"rendered":"http:\/\/194.145.208.171\/~levishr\/history\/"},"modified":"2019-06-04T15:17:25","modified_gmt":"2019-06-04T13:17:25","slug":"history","status":"publish","type":"page","link":"https:\/\/levishr.com\/en\/history\/","title":{"rendered":"History"},"content":{"rendered":"\r\n<div id=\"box_1-block_5ca9d6ee6a3ef\" class=\"box box--01 cf\">\r\n\t<div class=\"box__inner cf\">\r\n\t\t<div class=\"box__data\">\r\n\t\t\t<p class=\"box__title\">Levis Mont<\/p>\r\n\t\t\t<div class=\"box__content\"><p>Company Levis Mont d.o.o. is founded 07.09.2016 under name Levis j.d.o.o.. In the beggining only 7 workers were employed. Transferring from j.d.o.o. to d.o.o. 1.1.2019 company change its name to <strong>Levis Mont<\/strong>.<\/p>\n<p>Our employes work abroad on our construction sites in <strong>Slovenia<\/strong>, <strong>Germany<\/strong> and <strong>Hungary<\/strong>, part of our employes work on projects in <strong>Croatia<\/strong> in <strong>Lior Monta\u017ea<\/strong>, <strong>\u0110uro \u0110akovi\u0107 Specijalna Vozila<\/strong>.<\/p>\n<p>At the moment we are employing over 40 workers with tendency of growth and employing new people.<\/p>\n<\/div>\r\n\r\n\t\t\t\t\t<\/div>\t\t\r\n\t\t<figure class=\"box__figure\">\r\n\t\t\t<img decoding=\"async\" src=\"https:\/\/levishr.com\/wp-content\/uploads\/2019\/04\/levismont_691157848-768x576.jpg\" alt=\"Levis Mont\" class=\"rspimg\">\r\n\t\t<\/figure>\r\n\r\n\t<\/div>\r\n<\/div>\n\n\r\n<div id=\"box_1-block_5cf031e5013b2\" class=\"box box--01 cf\">\r\n\t<div class=\"box__inner cf\">\r\n\t\t<div class=\"box__data\">\r\n\t\t\t<p class=\"box__title\"><\/p>\r\n\t\t\t<div class=\"box__content\"><\/div>\r\n\r\n\t\t\t\t\t<\/div>\t\t\r\n\t\t<figure class=\"box__figure\">\r\n\t\t\t<img decoding=\"async\" src=\"\" alt=\"\" class=\"rspimg\">\r\n\t\t<\/figure>\r\n\r\n\t<\/div>\r\n<\/div>\n\n\n<div style=\"height:40px\" aria-hidden=\"true\" class=\"wp-block-spacer\"><\/div>\n\n\n\n<h2 class=\"wp-block-heading\"><p><strong>Standards and technology<br><\/strong><\/p><\/h2>\n\n\n\n<ul class=\"wp-block-list\"><li>The company is currently in the process of being introduced certificate ISO 9001<\/li><li><p>Welding supervision is performed professionally staff made up of a team of engineers and technologists who work closely with certification company<em> T\u00dcV Adria (T\u00dcV Thuringia)<\/em><\/p><\/li><li>Welding school (REL, MIG-MAG, TIG)<\/li><li>All welders are certified in in accordance with applicable regulations and EU standards<\/li><\/ul>\n\n\n\n<div style=\"height:40px\" aria-hidden=\"true\" class=\"wp-block-spacer\"><\/div>\n\n\n\n<h2 class=\"wp-block-heading\">References<\/h2>\n\n\n\n<ul class=\"wp-block-list\"><li>Goffin Gmbh<\/li><li>Brinox in\u017eeniring d.o.o.<\/li><li>Specijalna Vozila d.d.<\/li><li>Lior Monta\u017ea d.o.o.<\/li><li>Petroserv Gmbh<\/li><li>Welding school<\/li><\/ul>\n\n\n\n<div style=\"height:40px\" aria-hidden=\"true\" class=\"wp-block-spacer\"><\/div>\n\n\n\n<h3 class=\"wp-block-heading\">Company info<\/h3>\n\n\n\n<div class=\"wp-block-columns has-2-columns is-layout-flex wp-container-core-columns-is-layout-9d6595d7 wp-block-columns-is-layout-flex\">\n<div class=\"wp-block-column is-layout-flow wp-block-column-is-layout-flow\">\n<p><strong>Headquarter:<\/strong><br>Levis Mont d.o.o.<br>Zagreba\u010dka 102,<br>35222 Gundinci<\/p>\n<\/div>\n\n\n\n<div class=\"wp-block-column is-layout-flow wp-block-column-is-layout-flow\">\n<p><strong>Subsidiary:<\/strong><br>Matije Mesi\u0107a 36<br>35000 Slavonski Brod<\/p>\n<\/div>\n<\/div>\n\n\n\n<p>The company is registrated in the Register of Commercial Courts in Osijek, a permanent service in Slavonski Bron under number:<br><strong>MBS<\/strong>: 04597460<br><strong>VAT:<\/strong> HR96492625444<br><strong>Subject of business<\/strong>: C2511 &#8211; manufacute of metal constructions and its parts<br><strong>Temeljni kapital<\/strong>: 20.000,00 kn (paid in whole)<br><strong>Bank<\/strong>: Privredna Banka Zagreb<br><strong>Bank account number<\/strong>: HR1924840081135008453<\/p>\n","protected":false},"excerpt":{"rendered":"<p>Standards and technology The company is currently in the process of being introduced certificate ISO 9001 Welding supervision is performed professionally staff made up of a team of engineers and technologists who work closely with certification company T\u00dcV Adria (T\u00dcV Thuringia) Welding school (REL, MIG-MAG, TIG) All welders are certified in in accordance with applicable [&hellip;]<\/p>\n","protected":false},"author":1,"featured_media":0,"parent":0,"menu_order":16,"comment_status":"closed","ping_status":"closed","template":"","meta":{"footnotes":""},"class_list":["post-122","page","type-page","status-publish","hentry"],"_links":{"self":[{"href":"https:\/\/levishr.com\/en\/wp-json\/wp\/v2\/pages\/122","targetHints":{"allow":["GET"]}}],"collection":[{"href":"https:\/\/levishr.com\/en\/wp-json\/wp\/v2\/pages"}],"about":[{"href":"https:\/\/levishr.com\/en\/wp-json\/wp\/v2\/types\/page"}],"author":[{"embeddable":true,"href":"https:\/\/levishr.com\/en\/wp-json\/wp\/v2\/users\/1"}],"replies":[{"embeddable":true,"href":"https:\/\/levishr.com\/en\/wp-json\/wp\/v2\/comments?post=122"}],"version-history":[{"count":0,"href":"https:\/\/levishr.com\/en\/wp-json\/wp\/v2\/pages\/122\/revisions"}],"wp:attachment":[{"href":"https:\/\/levishr.com\/en\/wp-json\/wp\/v2\/media?parent=122"}],"curies":[{"name":"wp","href":"https:\/\/api.w.org\/{rel}","templated":true}]}}